{"id":2,"date":"2016-05-10T03:48:21","date_gmt":"2016-05-10T03:48:21","guid":{"rendered":"http:\/\/chinska.jelenia.pl\/?page_id=2"},"modified":"2021-02-27T13:35:24","modified_gmt":"2021-02-27T13:35:24","slug":"sample-page","status":"publish","type":"page","link":"https:\/\/chinska.jelenia.pl\/","title":{"rendered":"Sample Page"},"content":{"rendered":"<h3>STRONA NA SPRZEDA\u017b<br \/>\n<\/h3>\n<p>kontakt pod nr telefonu: 533 75 75 75<\/p>\n<h3>Restauracja<br \/>Chi\u0144ska<\/h3>\n<p>restauracja chi\u0144ska jelenia g\u00f3ra<\/p>\n<p>\t\t\t\t\t\t\t\t\t\t<img decoding=\"async\" width=\"1024\" height=\"487\" src=\"https:\/\/chinska.jelenia.pl\/wp-content\/uploads\/2018\/12\/bigstock-Chinese-Food-With-Fried-Duck-W-261056368-1024x487.jpg\" alt=\"\" loading=\"lazy\" srcset=\"https:\/\/chinska.jelenia.pl\/wp-content\/uploads\/2018\/12\/bigstock-Chinese-Food-With-Fried-Duck-W-261056368-1024x487.jpg 1024w, https:\/\/chinska.jelenia.pl\/wp-content\/uploads\/2018\/12\/bigstock-Chinese-Food-With-Fried-Duck-W-261056368-300x143.jpg 300w, https:\/\/chinska.jelenia.pl\/wp-content\/uploads\/2018\/12\/bigstock-Chinese-Food-With-Fried-Duck-W-261056368-768x366.jpg 768w, https:\/\/chinska.jelenia.pl\/wp-content\/uploads\/2018\/12\/bigstock-Chinese-Food-With-Fried-Duck-W-261056368-570x271.jpg 570w\" sizes=\"(max-width: 1024px) 100vw, 1024px\" \/>\t\t\t\t\t\t\t\t\t\t\t<\/p>\n<p>Chi\u0144szczyzna<br \/>\nJelenia G\u00f3ra<\/p>\n<h3>Dania chi\u0144skie w Jeleniej G\u00f3rze<\/h3>\n<p>Poznaj rozmait\u0105 ofert\u0119 specja\u0142\u00f3w Naszej kuchni chi\u0144skiej.<br \/>\nZapraszamy na znakomite:<\/p>\n<ul>\n<li>Zupy chi\u0144skie,<\/li>\n<li>Makarony chi\u0144skie,<\/li>\n<li>Ry\u017c po chi\u0144sku,<\/li>\n<li>Kaczk\u0119 po chi\u0144sku,<\/li>\n<li>Kurczaka po chi\u0144sku,<\/li>\n<li>Wo\u0142owin\u0119 po chi\u0144sku,<\/li>\n<li>Wieprzowin\u0119 po chi\u0144sku,<\/li>\n<li>Ryby,<\/li>\n<li>Owoce morza,<\/li>\n<li>Sajgonki,<\/li>\n<li>Spring rolls.<\/li>\n<\/ul>\n<p>\t\t\t<a href=\"#\" role=\"button\"><br \/>\n\t\t\t\t\t\tmenu<br \/>\n\t\t\t\t\t<\/a><br \/>\n\t\t\t<!-- BEGIN NETSALESMEDIA --><br \/>\n<a href=\"https:\/\/nsm.tr.netsalesmedia.pl\/ts\/i5034220\/tsc?amc=performance.cubegroup.375805.464603.155947&#038;tst=!!TIMESTAMP!!\" target=\"_blank\" rel=\"nofollow noopener\"><br \/>\n<img loading=\"lazy\" decoding=\"async\" src=\"https:\/\/nsm.tr.netsalesmedia.pl\/ts\/i5034220\/tsv?amc=performance.cubegroup.375805.464603.155947&#038;tst=!!TIMESTAMP!!\" border=0 width=\"300\" height=\"250\" alt=\"Display\/13\/cola_za_1_zl-300-250\" \/><br \/>\n<\/a><br \/>\n<!-- END NETSALESMEDIA -->\t\t<\/p>\n<figure><img decoding=\"async\" width=\"287\" height=\"250\" src=\"https:\/\/chinska.jelenia.pl\/wp-content\/uploads\/2018\/12\/FishIcon.png\" alt=\"\" loading=\"lazy\" \/><\/figure>\n<h3>Najlepsze produkty<\/h3>\n<p>Wszystkie produkty, z kt\u00f3rych korzystamy pochodz\u0105 od sprawdzonych dostawc\u00f3w, a cz\u0119\u015b\u0107 importowana jest prosto z samych Chin!<\/p>\n<figure><img decoding=\"async\" width=\"287\" height=\"250\" src=\"https:\/\/chinska.jelenia.pl\/wp-content\/uploads\/2018\/12\/ChefIcon.png\" alt=\"\" loading=\"lazy\" \/><\/figure>\n<h3>Wybitni kucharze<\/h3>\n<p>Nasi szefowie kuchni s\u0105 specjalistami w dziedzinie da\u0144 chi\u0144skich<\/p>\n<h3>Zasmakuj najwy\u017cszej jako\u015bci chi\u0144skich da\u0144<\/h3>\n<p>\t\t\t\t\t\t\t\t\t\t<img decoding=\"async\" width=\"2800\" height=\"1867\" src=\"https:\/\/chinska.jelenia.pl\/wp-content\/uploads\/2018\/12\/bigstock-spring-roll-6008352.jpg\" alt=\"\" loading=\"lazy\" srcset=\"https:\/\/chinska.jelenia.pl\/wp-content\/uploads\/2018\/12\/bigstock-spring-roll-6008352.jpg 2800w, https:\/\/chinska.jelenia.pl\/wp-content\/uploads\/2018\/12\/bigstock-spring-roll-6008352-300x200.jpg 300w, https:\/\/chinska.jelenia.pl\/wp-content\/uploads\/2018\/12\/bigstock-spring-roll-6008352-768x512.jpg 768w, https:\/\/chinska.jelenia.pl\/wp-content\/uploads\/2018\/12\/bigstock-spring-roll-6008352-1024x683.jpg 1024w, https:\/\/chinska.jelenia.pl\/wp-content\/uploads\/2018\/12\/bigstock-spring-roll-6008352-570x380.jpg 570w\" sizes=\"(max-width: 2800px) 100vw, 2800px\" \/>\t\t\t\t\t\t\t\t\t\t\t<\/p>\n<h3>Kontakt<\/h3>\n<ul>\n<li >\n\t\t\t\t\t\t\t\t\t\tchinska@jelenia.pl\n\t\t\t\t\t\t\t\t\t<\/li>\n<li >\n\t\t\t\t\t\t\t\t\t\t61 (0) 3 123 4567\n\t\t\t\t\t\t\t\t\t<\/li>\n<\/ul>\n<h3>Zarezerwuj stolik<\/h3>\n<h3>Znajdziesz Nas na:<\/h3>\n<p>\t\t\t\t\t\t\t<a href=\"\" target=\"_blank\" rel=\"noopener\"><br \/>\n\t\t\t\t\tFacebook<br \/>\n\t\t\t\t<\/a><br \/>\n\t\t\t\t\t\t\t<a href=\"\" target=\"_blank\" rel=\"noopener\"><br \/>\n\t\t\t\t\tTwitter<br \/>\n\t\t\t\t<\/a><br \/>\n\t\t\t\t\t\t\t<a href=\"\" target=\"_blank\" rel=\"noopener\"><br \/>\n\t\t\t\t\tInstagram<br \/>\n\t\t\t\t<\/a><br \/>\n\t\t\t\t\t\t\t<a href=\"\" target=\"_blank\" rel=\"noopener\"><br \/>\n\t\t\t\t\tYoutube<br \/>\n\t\t\t\t<\/a><\/p>\n","protected":false},"excerpt":{"rendered":"<p>STRONA NA SPRZEDA\u017b kontakt pod nr telefonu: 533 75 75 75 RestauracjaChi\u0144ska restauracja chi\u0144ska jelenia g\u00f3ra Chi\u0144szczyzna Jelenia G\u00f3ra Dania chi\u0144skie w Jeleniej G\u00f3rze Poznaj rozmait\u0105 ofert\u0119 specja\u0142\u00f3w Naszej kuchni chi\u0144skiej. Zapraszamy na znakomite: Zupy chi\u0144skie, Makarony chi\u0144skie, Ry\u017c po chi\u0144sku, Kaczk\u0119 po chi\u0144sku, Kurczaka po chi\u0144sku, Wo\u0142owin\u0119 po chi\u0144sku, Wieprzowin\u0119 po chi\u0144sku, Ryby, Owoce [&hellip;]<\/p>\n","protected":false},"author":1,"featured_media":0,"parent":0,"menu_order":0,"comment_status":"closed","ping_status":"open","template":"","meta":{"footnotes":""},"class_list":["post-2","page","type-page","status-publish","czr-hentry"],"_links":{"self":[{"href":"https:\/\/chinska.jelenia.pl\/index.php?rest_route=\/wp\/v2\/pages\/2"}],"collection":[{"href":"https:\/\/chinska.jelenia.pl\/index.php?rest_route=\/wp\/v2\/pages"}],"about":[{"href":"https:\/\/chinska.jelenia.pl\/index.php?rest_route=\/wp\/v2\/types\/page"}],"author":[{"embeddable":true,"href":"https:\/\/chinska.jelenia.pl\/index.php?rest_route=\/wp\/v2\/users\/1"}],"replies":[{"embeddable":true,"href":"https:\/\/chinska.jelenia.pl\/index.php?rest_route=%2Fwp%2Fv2%2Fcomments&post=2"}],"version-history":[{"count":27,"href":"https:\/\/chinska.jelenia.pl\/index.php?rest_route=\/wp\/v2\/pages\/2\/revisions"}],"predecessor-version":[{"id":63,"href":"https:\/\/chinska.jelenia.pl\/index.php?rest_route=\/wp\/v2\/pages\/2\/revisions\/63"}],"wp:attachment":[{"href":"https:\/\/chinska.jelenia.pl\/index.php?rest_route=%2Fwp%2Fv2%2Fmedia&parent=2"}],"curies":[{"name":"wp","href":"https:\/\/api.w.org\/{rel}","templated":true}]}}